{"id":876,"date":"2016-07-11T15:44:04","date_gmt":"2016-07-11T15:44:04","guid":{"rendered":"https:\/\/almyravillas.com\/cancellation-policy\/"},"modified":"2021-05-27T13:47:05","modified_gmt":"2021-05-27T13:47:05","slug":"stornierungsbedingungen","status":"publish","type":"page","link":"https:\/\/almyravillas.com\/de\/stornierungsbedingungen\/","title":{"rendered":"Stornierungsbedingungen"},"content":{"rendered":"<p>&nbsp;<\/p>\n<p>The wellbeing of our guests is our top priority in this difficult situation. We are closely monitoring the\u00a0World Health Organization\u2019s\u00a0reports regarding the novel coronavirus (COVID-19) and we are following the latest and most efficient guidelines from the Local Health Government Authorities.<\/p>\n<p>Fully committed to offering safe holidays we are taking all necessary precautionary measures to ensure that our guests will have a safe and pleasant stay as our top priority therefore we follow all the latest hygiene guidelines provided by the Greek local health authorities. Furthermore, Almyra Villas are private villas with private poosl and perfectly located in a quiet scenery full of olive trees and fresh air!<\/p>\n<p>For guests making new reservations for May and June 2020 arrivals, we will allow those reservations to be changed or cancelled at no charge up to 7 days before a guest\u2019s scheduled arrival date.<\/p>\n<p>For guests who have already booked their holiday we offer a full refund on accommodation deposits. However, we can also keep your deposit in our reservation system for future or later bookings in summer 2020 or summer 2021.<\/p>\n<p>Thank you for your understanding, stay healthy and please contact us at<\/p>\n<p><a href=\"tel:+306936%20690%20683\">+30 6936 690 683<\/a>\u00a0or \u00a0<a href=\"mailto:info@almyravillas.com\">info@almyravillas.com<\/a>\u00a0if you have questions.<\/p>\n<p>&nbsp;<\/p>\n<p>Wenn eine Reservierung aus Gr\u00fcnden storniert wird, die dem Kunden zuzurechnen sind, wird der als Reservierungsgeb\u00fchr gezahlte Betrag nicht zur\u00fcckerstattet.<\/p>\n<p>-30-48 Tage vor Anreise werden Ihnen 50% des Gesamtbetrags berechnet.<\/p>\n<p>-15-29 Tage vor Anreise werden Ihnen 90% des Gesamtbetrags berechnet.<\/p>\n<p>-0-14 Tage vor Anreise werden Ihnen 100% des Gesamtbetrags berechnet.<\/p>\n<p>&#8211; Bei Nichterscheinen oder Abreise vor dem geplanten Datum wird Ihnen der Gesamtbetrag in Rechnung gestellt.<\/p>\n<p>&#8211; Die Stornierungsgeb\u00fchr wird auf den Gesamtbetrag der Reservierung berechnet.<\/p>\n<p>-Alle Stornierungen m\u00fcssen schriftlich an uns gesendet werden.<\/p>\n","protected":false},"excerpt":{"rendered":"<p>&nbsp; The wellbeing of our guests is our top priority in this difficult situation. We are closely monitoring the\u00a0World Health Organization\u2019s\u00a0reports regarding the novel coronavirus (COVID-19) and we are following the latest and most efficient guidelines from the Local Health Government Authorities. Fully committed to offering safe holidays we are taking all necessary precautionary measures [&hellip;]<\/p>\n","protected":false},"author":1,"featured_media":0,"parent":0,"menu_order":42,"comment_status":"closed","ping_status":"closed","template":"old-templates\/content-page-template.php","meta":{"_acf_changed":false,"footnotes":""},"acf":[],"yoast_head":"<!-- This site is optimized with the Yoast SEO plugin v23.1 - https:\/\/yoast.com\/wordpress\/plugins\/seo\/ -->\n<title>Stornierungsbedingungen - Almyra Villas | Halikounas Corfu | Greece<\/title>\n<meta name=\"description\" content=\"Cancellation Policy: due to causes that are attributable to the client, the amount paid as a reservation fee will not be refunded.\" \/>\n<meta name=\"robots\" content=\"index, follow, max-snippet:-1, max-image-preview:large, max-video-preview:-1\" \/>\n<link rel=\"canonical\" href=\"https:\/\/almyravillas.com\/de\/stornierungsbedingungen\/\" \/>\n<meta property=\"og:locale\" content=\"de_DE\" \/>\n<meta property=\"og:type\" content=\"article\" \/>\n<meta property=\"og:title\" content=\"Cancellation Policy | Almyra Villas\" \/>\n<meta property=\"og:description\" content=\"Cancellation Policy: due to causes that are attributable to the client, the amount paid as a reservation fee will not be refunded.\" \/>\n<meta property=\"og:url\" content=\"https:\/\/almyravillas.com\/de\/stornierungsbedingungen\/\" \/>\n<meta property=\"og:site_name\" content=\"Almyra Villas | Halikounas Corfu\" \/>\n<meta property=\"article:publisher\" content=\"https:\/\/www.facebook.com\/Almyra.Villas.Corfu\/\" \/>\n<meta property=\"article:modified_time\" content=\"2021-05-27T13:47:05+00:00\" \/>\n<meta property=\"og:image\" content=\"https:\/\/almyravillas.com\/wp-content\/uploads\/2016\/06\/Al-Myra-Villas-Corfu-3-1.jpg\" \/>\n\t<meta property=\"og:image:width\" content=\"1500\" \/>\n\t<meta property=\"og:image:height\" content=\"1000\" \/>\n\t<meta property=\"og:image:type\" content=\"image\/jpeg\" \/>\n<meta name=\"twitter:card\" content=\"summary_large_image\" \/>\n<meta name=\"twitter:label1\" content=\"Gesch\u00e4tzte Lesezeit\" \/>\n\t<meta name=\"twitter:data1\" content=\"1\u00a0Minute\" \/>\n<script type=\"application\/ld+json\" class=\"yoast-schema-graph\">{\"@context\":\"https:\/\/schema.org\",\"@graph\":[{\"@type\":\"WebPage\",\"@id\":\"https:\/\/almyravillas.com\/de\/stornierungsbedingungen\/\",\"url\":\"https:\/\/almyravillas.com\/de\/stornierungsbedingungen\/\",\"name\":\"Stornierungsbedingungen - Almyra Villas | Halikounas Corfu | Greece\",\"isPartOf\":{\"@id\":\"https:\/\/almyravillas.com\/#website\"},\"datePublished\":\"2016-07-11T15:44:04+00:00\",\"dateModified\":\"2021-05-27T13:47:05+00:00\",\"description\":\"Cancellation Policy: due to causes that are attributable to the client, the amount paid as a reservation fee will not be refunded.\",\"breadcrumb\":{\"@id\":\"https:\/\/almyravillas.com\/de\/stornierungsbedingungen\/#breadcrumb\"},\"inLanguage\":\"de\",\"potentialAction\":[{\"@type\":\"ReadAction\",\"target\":[\"https:\/\/almyravillas.com\/de\/stornierungsbedingungen\/\"]}]},{\"@type\":\"BreadcrumbList\",\"@id\":\"https:\/\/almyravillas.com\/de\/stornierungsbedingungen\/#breadcrumb\",\"itemListElement\":[{\"@type\":\"ListItem\",\"position\":1,\"name\":\"Home\",\"item\":\"https:\/\/almyravillas.com\/de\/\"},{\"@type\":\"ListItem\",\"position\":2,\"name\":\"Stornierungsbedingungen\"}]},{\"@type\":\"WebSite\",\"@id\":\"https:\/\/almyravillas.com\/#website\",\"url\":\"https:\/\/almyravillas.com\/\",\"name\":\"Almyra Villas | Halikounas Corfu\",\"description\":\"Villas in Corfu Greece\",\"publisher\":{\"@id\":\"https:\/\/almyravillas.com\/#organization\"},\"potentialAction\":[{\"@type\":\"SearchAction\",\"target\":{\"@type\":\"EntryPoint\",\"urlTemplate\":\"https:\/\/almyravillas.com\/?s={search_term_string}\"},\"query-input\":\"required name=search_term_string\"}],\"inLanguage\":\"de\"},{\"@type\":\"Organization\",\"@id\":\"https:\/\/almyravillas.com\/#organization\",\"name\":\"Almyra Villas Chalikounas Corfu\",\"url\":\"https:\/\/almyravillas.com\/\",\"logo\":{\"@type\":\"ImageObject\",\"inLanguage\":\"de\",\"@id\":\"https:\/\/almyravillas.com\/#\/schema\/logo\/image\/\",\"url\":\"https:\/\/almyravillas.com\/wp-content\/uploads\/2016\/08\/almyra-villas-logo-signature.png\",\"contentUrl\":\"https:\/\/almyravillas.com\/wp-content\/uploads\/2016\/08\/almyra-villas-logo-signature.png\",\"width\":125,\"height\":74,\"caption\":\"Almyra Villas Chalikounas Corfu\"},\"image\":{\"@id\":\"https:\/\/almyravillas.com\/#\/schema\/logo\/image\/\"},\"sameAs\":[\"https:\/\/www.facebook.com\/Almyra.Villas.Corfu\/\",\"https:\/\/www.instagram.com\/almyravillas\/\",\"https:\/\/www.youtube.com\/channel\/UCOhsTqbfyhi7oYYXHWqFIxQ\"]}]}<\/script>\n<!-- \/ Yoast SEO plugin. -->","yoast_head_json":{"title":"Stornierungsbedingungen - Almyra Villas | Halikounas Corfu | Greece","description":"Cancellation Policy: due to causes that are attributable to the client, the amount paid as a reservation fee will not be refunded.","robots":{"index":"index","follow":"follow","max-snippet":"max-snippet:-1","max-image-preview":"max-image-preview:large","max-video-preview":"max-video-preview:-1"},"canonical":"https:\/\/almyravillas.com\/de\/stornierungsbedingungen\/","og_locale":"de_DE","og_type":"article","og_title":"Cancellation Policy | Almyra Villas","og_description":"Cancellation Policy: due to causes that are attributable to the client, the amount paid as a reservation fee will not be refunded.","og_url":"https:\/\/almyravillas.com\/de\/stornierungsbedingungen\/","og_site_name":"Almyra Villas | Halikounas Corfu","article_publisher":"https:\/\/www.facebook.com\/Almyra.Villas.Corfu\/","article_modified_time":"2021-05-27T13:47:05+00:00","og_image":[{"width":1500,"height":1000,"url":"https:\/\/almyravillas.com\/wp-content\/uploads\/2016\/06\/Al-Myra-Villas-Corfu-3-1.jpg","type":"image\/jpeg"}],"twitter_card":"summary_large_image","twitter_misc":{"Gesch\u00e4tzte Lesezeit":"1\u00a0Minute"},"schema":{"@context":"https:\/\/schema.org","@graph":[{"@type":"WebPage","@id":"https:\/\/almyravillas.com\/de\/stornierungsbedingungen\/","url":"https:\/\/almyravillas.com\/de\/stornierungsbedingungen\/","name":"Stornierungsbedingungen - Almyra Villas | Halikounas Corfu | Greece","isPartOf":{"@id":"https:\/\/almyravillas.com\/#website"},"datePublished":"2016-07-11T15:44:04+00:00","dateModified":"2021-05-27T13:47:05+00:00","description":"Cancellation Policy: due to causes that are attributable to the client, the amount paid as a reservation fee will not be refunded.","breadcrumb":{"@id":"https:\/\/almyravillas.com\/de\/stornierungsbedingungen\/#breadcrumb"},"inLanguage":"de","potentialAction":[{"@type":"ReadAction","target":["https:\/\/almyravillas.com\/de\/stornierungsbedingungen\/"]}]},{"@type":"BreadcrumbList","@id":"https:\/\/almyravillas.com\/de\/stornierungsbedingungen\/#breadcrumb","itemListElement":[{"@type":"ListItem","position":1,"name":"Home","item":"https:\/\/almyravillas.com\/de\/"},{"@type":"ListItem","position":2,"name":"Stornierungsbedingungen"}]},{"@type":"WebSite","@id":"https:\/\/almyravillas.com\/#website","url":"https:\/\/almyravillas.com\/","name":"Almyra Villas | Halikounas Corfu","description":"Villas in Corfu Greece","publisher":{"@id":"https:\/\/almyravillas.com\/#organization"},"potentialAction":[{"@type":"SearchAction","target":{"@type":"EntryPoint","urlTemplate":"https:\/\/almyravillas.com\/?s={search_term_string}"},"query-input":"required name=search_term_string"}],"inLanguage":"de"},{"@type":"Organization","@id":"https:\/\/almyravillas.com\/#organization","name":"Almyra Villas Chalikounas Corfu","url":"https:\/\/almyravillas.com\/","logo":{"@type":"ImageObject","inLanguage":"de","@id":"https:\/\/almyravillas.com\/#\/schema\/logo\/image\/","url":"https:\/\/almyravillas.com\/wp-content\/uploads\/2016\/08\/almyra-villas-logo-signature.png","contentUrl":"https:\/\/almyravillas.com\/wp-content\/uploads\/2016\/08\/almyra-villas-logo-signature.png","width":125,"height":74,"caption":"Almyra Villas Chalikounas Corfu"},"image":{"@id":"https:\/\/almyravillas.com\/#\/schema\/logo\/image\/"},"sameAs":["https:\/\/www.facebook.com\/Almyra.Villas.Corfu\/","https:\/\/www.instagram.com\/almyravillas\/","https:\/\/www.youtube.com\/channel\/UCOhsTqbfyhi7oYYXHWqFIxQ"]}]}},"_links":{"self":[{"href":"https:\/\/almyravillas.com\/de\/wp-json\/wp\/v2\/pages\/876"}],"collection":[{"href":"https:\/\/almyravillas.com\/de\/wp-json\/wp\/v2\/pages"}],"about":[{"href":"https:\/\/almyravillas.com\/de\/wp-json\/wp\/v2\/types\/page"}],"author":[{"embeddable":true,"href":"https:\/\/almyravillas.com\/de\/wp-json\/wp\/v2\/users\/1"}],"replies":[{"embeddable":true,"href":"https:\/\/almyravillas.com\/de\/wp-json\/wp\/v2\/comments?post=876"}],"version-history":[{"count":3,"href":"https:\/\/almyravillas.com\/de\/wp-json\/wp\/v2\/pages\/876\/revisions"}],"predecessor-version":[{"id":902,"href":"https:\/\/almyravillas.com\/de\/wp-json\/wp\/v2\/pages\/876\/revisions\/902"}],"wp:attachment":[{"href":"https:\/\/almyravillas.com\/de\/wp-json\/wp\/v2\/media?parent=876"}],"curies":[{"name":"wp","href":"https:\/\/api.w.org\/{rel}","templated":true}]}}