{"id":878,"date":"2016-07-11T15:49:01","date_gmt":"2016-07-11T15:49:01","guid":{"rendered":"https:\/\/almyravillas.com\/payment-policy\/"},"modified":"2021-05-27T13:47:40","modified_gmt":"2021-05-27T13:47:40","slug":"zahlungsmodalitaeten","status":"publish","type":"page","link":"https:\/\/almyravillas.com\/de\/zahlungsmodalitaeten\/","title":{"rendered":"Zahlungsmodalit\u00e4ten"},"content":{"rendered":"<p>&#8211; 30% Anzahlung sind zum Zeitpunkt der Buchung f\u00e4llig. Dieser Betrag kann per \u00dcberweisung oder mit Kreditkarte bezahlt werden.<\/p>\n<p>&#8211; Mindestens 7 Wochen vor Anreise ist der Restbetrag von 70% f\u00e4llig. Dieser kann per Bank\u00fcberweisung oder mit Kreditkarte bezahlt werden.<\/p>\n<p>&#8211; Wenn die Reservierungsanfrage im Zeitraum von 7 Wochen vor dem Ankunftsdatum erfolgt, ist eine 100% ige Zahlung erforderlich.<\/p>\n<p>&#8211; Wenn das Geld nicht bis zum F\u00e4lligkeitsdatum bezahlt wird, beh\u00e4lt sich AL-MYRA Villas das Recht vor, die Buchung zu stornieren. Stornierungsgeb\u00fchren gelten gem\u00e4\u00df Stornierungsbedingungen.<\/p>\n","protected":false},"excerpt":{"rendered":"<p>&#8211; 30% Anzahlung sind zum Zeitpunkt der Buchung f\u00e4llig. Dieser Betrag kann per \u00dcberweisung oder mit Kreditkarte bezahlt werden. &#8211; Mindestens 7 Wochen vor Anreise ist der Restbetrag von 70% f\u00e4llig. Dieser kann per Bank\u00fcberweisung oder mit Kreditkarte bezahlt werden. &#8211; Wenn die Reservierungsanfrage im Zeitraum von 7 Wochen vor dem Ankunftsdatum erfolgt, ist eine [&hellip;]<\/p>\n","protected":false},"author":1,"featured_media":0,"parent":0,"menu_order":49,"comment_status":"closed","ping_status":"closed","template":"old-templates\/content-page-template.php","meta":{"_acf_changed":false,"footnotes":""},"acf":[],"yoast_head":"<!-- This site is optimized with the Yoast SEO plugin v23.1 - https:\/\/yoast.com\/wordpress\/plugins\/seo\/ -->\n<title>Zahlungsmodalit\u00e4ten - Almyra Villas | Halikounas Corfu | Greece<\/title>\n<meta name=\"description\" content=\"Payment Policy. Here you may find some payment policy: 30% deposit is required by booking. It can be paid by bank transfer or with a credit card...\" \/>\n<meta name=\"robots\" content=\"index, follow, max-snippet:-1, max-image-preview:large, max-video-preview:-1\" \/>\n<link rel=\"canonical\" href=\"https:\/\/almyravillas.com\/de\/zahlungsmodalitaeten\/\" \/>\n<meta property=\"og:locale\" content=\"de_DE\" \/>\n<meta property=\"og:type\" content=\"article\" \/>\n<meta property=\"og:title\" content=\"Payment Policy | Almyra Villas\" \/>\n<meta property=\"og:description\" content=\"Payment Policy. Here you may find some payment policy: 30% deposit is required by booking. It can be paid by bank transfer or with a credit card...\" \/>\n<meta property=\"og:url\" content=\"https:\/\/almyravillas.com\/de\/zahlungsmodalitaeten\/\" \/>\n<meta property=\"og:site_name\" content=\"Almyra Villas | Halikounas Corfu\" \/>\n<meta property=\"article:publisher\" content=\"https:\/\/www.facebook.com\/Almyra.Villas.Corfu\/\" \/>\n<meta property=\"article:modified_time\" content=\"2021-05-27T13:47:40+00:00\" \/>\n<meta property=\"og:image\" content=\"https:\/\/almyravillas.com\/wp-content\/uploads\/2016\/06\/Al-Myra-Villas-Corfu-3-1.jpg\" \/>\n\t<meta property=\"og:image:width\" content=\"1500\" \/>\n\t<meta property=\"og:image:height\" content=\"1000\" \/>\n\t<meta property=\"og:image:type\" content=\"image\/jpeg\" \/>\n<meta name=\"twitter:card\" content=\"summary_large_image\" \/>\n<script type=\"application\/ld+json\" class=\"yoast-schema-graph\">{\"@context\":\"https:\/\/schema.org\",\"@graph\":[{\"@type\":\"WebPage\",\"@id\":\"https:\/\/almyravillas.com\/de\/zahlungsmodalitaeten\/\",\"url\":\"https:\/\/almyravillas.com\/de\/zahlungsmodalitaeten\/\",\"name\":\"Zahlungsmodalit\u00e4ten - Almyra Villas | Halikounas Corfu | Greece\",\"isPartOf\":{\"@id\":\"https:\/\/almyravillas.com\/#website\"},\"datePublished\":\"2016-07-11T15:49:01+00:00\",\"dateModified\":\"2021-05-27T13:47:40+00:00\",\"description\":\"Payment Policy. Here you may find some payment policy: 30% deposit is required by booking. It can be paid by bank transfer or with a credit card...\",\"breadcrumb\":{\"@id\":\"https:\/\/almyravillas.com\/de\/zahlungsmodalitaeten\/#breadcrumb\"},\"inLanguage\":\"de\",\"potentialAction\":[{\"@type\":\"ReadAction\",\"target\":[\"https:\/\/almyravillas.com\/de\/zahlungsmodalitaeten\/\"]}]},{\"@type\":\"BreadcrumbList\",\"@id\":\"https:\/\/almyravillas.com\/de\/zahlungsmodalitaeten\/#breadcrumb\",\"itemListElement\":[{\"@type\":\"ListItem\",\"position\":1,\"name\":\"Home\",\"item\":\"https:\/\/almyravillas.com\/de\/\"},{\"@type\":\"ListItem\",\"position\":2,\"name\":\"Zahlungsmodalit\u00e4ten\"}]},{\"@type\":\"WebSite\",\"@id\":\"https:\/\/almyravillas.com\/#website\",\"url\":\"https:\/\/almyravillas.com\/\",\"name\":\"Almyra Villas | Halikounas Corfu\",\"description\":\"Villas in Corfu Greece\",\"publisher\":{\"@id\":\"https:\/\/almyravillas.com\/#organization\"},\"potentialAction\":[{\"@type\":\"SearchAction\",\"target\":{\"@type\":\"EntryPoint\",\"urlTemplate\":\"https:\/\/almyravillas.com\/?s={search_term_string}\"},\"query-input\":\"required name=search_term_string\"}],\"inLanguage\":\"de\"},{\"@type\":\"Organization\",\"@id\":\"https:\/\/almyravillas.com\/#organization\",\"name\":\"Almyra Villas Chalikounas Corfu\",\"url\":\"https:\/\/almyravillas.com\/\",\"logo\":{\"@type\":\"ImageObject\",\"inLanguage\":\"de\",\"@id\":\"https:\/\/almyravillas.com\/#\/schema\/logo\/image\/\",\"url\":\"https:\/\/almyravillas.com\/wp-content\/uploads\/2016\/08\/almyra-villas-logo-signature.png\",\"contentUrl\":\"https:\/\/almyravillas.com\/wp-content\/uploads\/2016\/08\/almyra-villas-logo-signature.png\",\"width\":125,\"height\":74,\"caption\":\"Almyra Villas Chalikounas Corfu\"},\"image\":{\"@id\":\"https:\/\/almyravillas.com\/#\/schema\/logo\/image\/\"},\"sameAs\":[\"https:\/\/www.facebook.com\/Almyra.Villas.Corfu\/\",\"https:\/\/www.instagram.com\/almyravillas\/\",\"https:\/\/www.youtube.com\/channel\/UCOhsTqbfyhi7oYYXHWqFIxQ\"]}]}<\/script>\n<!-- \/ Yoast SEO plugin. -->","yoast_head_json":{"title":"Zahlungsmodalit\u00e4ten - Almyra Villas | Halikounas Corfu | Greece","description":"Payment Policy. Here you may find some payment policy: 30% deposit is required by booking. It can be paid by bank transfer or with a credit card...","robots":{"index":"index","follow":"follow","max-snippet":"max-snippet:-1","max-image-preview":"max-image-preview:large","max-video-preview":"max-video-preview:-1"},"canonical":"https:\/\/almyravillas.com\/de\/zahlungsmodalitaeten\/","og_locale":"de_DE","og_type":"article","og_title":"Payment Policy | Almyra Villas","og_description":"Payment Policy. Here you may find some payment policy: 30% deposit is required by booking. It can be paid by bank transfer or with a credit card...","og_url":"https:\/\/almyravillas.com\/de\/zahlungsmodalitaeten\/","og_site_name":"Almyra Villas | Halikounas Corfu","article_publisher":"https:\/\/www.facebook.com\/Almyra.Villas.Corfu\/","article_modified_time":"2021-05-27T13:47:40+00:00","og_image":[{"width":1500,"height":1000,"url":"https:\/\/almyravillas.com\/wp-content\/uploads\/2016\/06\/Al-Myra-Villas-Corfu-3-1.jpg","type":"image\/jpeg"}],"twitter_card":"summary_large_image","schema":{"@context":"https:\/\/schema.org","@graph":[{"@type":"WebPage","@id":"https:\/\/almyravillas.com\/de\/zahlungsmodalitaeten\/","url":"https:\/\/almyravillas.com\/de\/zahlungsmodalitaeten\/","name":"Zahlungsmodalit\u00e4ten - Almyra Villas | Halikounas Corfu | Greece","isPartOf":{"@id":"https:\/\/almyravillas.com\/#website"},"datePublished":"2016-07-11T15:49:01+00:00","dateModified":"2021-05-27T13:47:40+00:00","description":"Payment Policy. Here you may find some payment policy: 30% deposit is required by booking. It can be paid by bank transfer or with a credit card...","breadcrumb":{"@id":"https:\/\/almyravillas.com\/de\/zahlungsmodalitaeten\/#breadcrumb"},"inLanguage":"de","potentialAction":[{"@type":"ReadAction","target":["https:\/\/almyravillas.com\/de\/zahlungsmodalitaeten\/"]}]},{"@type":"BreadcrumbList","@id":"https:\/\/almyravillas.com\/de\/zahlungsmodalitaeten\/#breadcrumb","itemListElement":[{"@type":"ListItem","position":1,"name":"Home","item":"https:\/\/almyravillas.com\/de\/"},{"@type":"ListItem","position":2,"name":"Zahlungsmodalit\u00e4ten"}]},{"@type":"WebSite","@id":"https:\/\/almyravillas.com\/#website","url":"https:\/\/almyravillas.com\/","name":"Almyra Villas | Halikounas Corfu","description":"Villas in Corfu Greece","publisher":{"@id":"https:\/\/almyravillas.com\/#organization"},"potentialAction":[{"@type":"SearchAction","target":{"@type":"EntryPoint","urlTemplate":"https:\/\/almyravillas.com\/?s={search_term_string}"},"query-input":"required name=search_term_string"}],"inLanguage":"de"},{"@type":"Organization","@id":"https:\/\/almyravillas.com\/#organization","name":"Almyra Villas Chalikounas Corfu","url":"https:\/\/almyravillas.com\/","logo":{"@type":"ImageObject","inLanguage":"de","@id":"https:\/\/almyravillas.com\/#\/schema\/logo\/image\/","url":"https:\/\/almyravillas.com\/wp-content\/uploads\/2016\/08\/almyra-villas-logo-signature.png","contentUrl":"https:\/\/almyravillas.com\/wp-content\/uploads\/2016\/08\/almyra-villas-logo-signature.png","width":125,"height":74,"caption":"Almyra Villas Chalikounas Corfu"},"image":{"@id":"https:\/\/almyravillas.com\/#\/schema\/logo\/image\/"},"sameAs":["https:\/\/www.facebook.com\/Almyra.Villas.Corfu\/","https:\/\/www.instagram.com\/almyravillas\/","https:\/\/www.youtube.com\/channel\/UCOhsTqbfyhi7oYYXHWqFIxQ"]}]}},"_links":{"self":[{"href":"https:\/\/almyravillas.com\/de\/wp-json\/wp\/v2\/pages\/878"}],"collection":[{"href":"https:\/\/almyravillas.com\/de\/wp-json\/wp\/v2\/pages"}],"about":[{"href":"https:\/\/almyravillas.com\/de\/wp-json\/wp\/v2\/types\/page"}],"author":[{"embeddable":true,"href":"https:\/\/almyravillas.com\/de\/wp-json\/wp\/v2\/users\/1"}],"replies":[{"embeddable":true,"href":"https:\/\/almyravillas.com\/de\/wp-json\/wp\/v2\/comments?post=878"}],"version-history":[{"count":3,"href":"https:\/\/almyravillas.com\/de\/wp-json\/wp\/v2\/pages\/878\/revisions"}],"predecessor-version":[{"id":1861,"href":"https:\/\/almyravillas.com\/de\/wp-json\/wp\/v2\/pages\/878\/revisions\/1861"}],"wp:attachment":[{"href":"https:\/\/almyravillas.com\/de\/wp-json\/wp\/v2\/media?parent=878"}],"curies":[{"name":"wp","href":"https:\/\/api.w.org\/{rel}","templated":true}]}}