{"id":1058,"date":"2016-07-11T15:49:01","date_gmt":"2016-07-11T15:49:01","guid":{"rendered":"https:\/\/almyravillas.com\/payment-policy\/"},"modified":"2021-05-27T13:47:38","modified_gmt":"2021-05-27T13:47:38","slug":"politique-de-paiement","status":"publish","type":"page","link":"https:\/\/almyravillas.com\/fr\/politique-de-paiement\/","title":{"rendered":"Politique de paiement"},"content":{"rendered":"<p>&#8211; Le versement d&rsquo;un acompte de 30 % est exig\u00e9 lors de la r\u00e9servation. Il peut \u00eatre r\u00e9gl\u00e9 par virement bancaire ou par carte de cr\u00e9dit.<\/p>\n<p>\u2013 Le solde de 70 % doit \u00eatre vers\u00e9 au moins 7 semaines avant la date d&rsquo;arriv\u00e9e. Il peut \u00eatre r\u00e9gl\u00e9 par virement bancaire ou par carte de cr\u00e9dit.<\/p>\n<p>&#8211; Si la demande de r\u00e9servation est r\u00e9alis\u00e9e dans les 7 semaines avant la date d&rsquo;arriv\u00e9e, vous devez verser la totalit\u00e9 du montant.<\/p>\n<p>\u2013 Si le montant n&rsquo;est pas r\u00e9gl\u00e9 dans les d\u00e9lais, AL-MYRA villas se r\u00e9serve le droit d&rsquo;annuler la r\u00e9servation. Frais d&rsquo;annulation conform\u00e9ment \u00e0 la politique d&rsquo;annulation.<\/p>\n","protected":false},"excerpt":{"rendered":"<p>&#8211; Le versement d&rsquo;un acompte de 30 % est exig\u00e9 lors de la r\u00e9servation. Il peut \u00eatre r\u00e9gl\u00e9 par virement bancaire ou par carte de cr\u00e9dit. \u2013 Le solde de 70 % doit \u00eatre vers\u00e9 au moins 7 semaines avant la date d&rsquo;arriv\u00e9e. Il peut \u00eatre r\u00e9gl\u00e9 par virement bancaire ou par carte de cr\u00e9dit. [&hellip;]<\/p>\n","protected":false},"author":1,"featured_media":0,"parent":0,"menu_order":48,"comment_status":"closed","ping_status":"closed","template":"old-templates\/content-page-template.php","meta":{"_acf_changed":false,"footnotes":""},"acf":[],"yoast_head":"<!-- This site is optimized with the Yoast SEO plugin v23.1 - https:\/\/yoast.com\/wordpress\/plugins\/seo\/ -->\n<title>Politique de paiement - Almyra Villas | Halikounas Corfu | Greece<\/title>\n<meta name=\"description\" content=\"Payment Policy. Here you may find some payment policy: 30% deposit is required by booking. It can be paid by bank transfer or with a credit card...\" \/>\n<meta name=\"robots\" content=\"index, follow, max-snippet:-1, max-image-preview:large, max-video-preview:-1\" \/>\n<link rel=\"canonical\" href=\"https:\/\/almyravillas.com\/fr\/politique-de-paiement\/\" \/>\n<meta property=\"og:locale\" content=\"fr_FR\" \/>\n<meta property=\"og:type\" content=\"article\" \/>\n<meta property=\"og:title\" content=\"Payment Policy | Almyra Villas\" \/>\n<meta property=\"og:description\" content=\"Payment Policy. Here you may find some payment policy: 30% deposit is required by booking. It can be paid by bank transfer or with a credit card...\" \/>\n<meta property=\"og:url\" content=\"https:\/\/almyravillas.com\/fr\/politique-de-paiement\/\" \/>\n<meta property=\"og:site_name\" content=\"Almyra Villas | Halikounas Corfu\" \/>\n<meta property=\"article:publisher\" content=\"https:\/\/www.facebook.com\/Almyra.Villas.Corfu\/\" \/>\n<meta property=\"article:modified_time\" content=\"2021-05-27T13:47:38+00:00\" \/>\n<meta property=\"og:image\" content=\"https:\/\/almyravillas.com\/wp-content\/uploads\/2016\/06\/Al-Myra-Villas-Corfu-3-1.jpg\" \/>\n\t<meta property=\"og:image:width\" content=\"1500\" \/>\n\t<meta property=\"og:image:height\" content=\"1000\" \/>\n\t<meta property=\"og:image:type\" content=\"image\/jpeg\" \/>\n<meta name=\"twitter:card\" content=\"summary_large_image\" \/>\n<meta name=\"twitter:label1\" content=\"Dur\u00e9e de lecture estim\u00e9e\" \/>\n\t<meta name=\"twitter:data1\" content=\"1 minute\" \/>\n<script type=\"application\/ld+json\" class=\"yoast-schema-graph\">{\"@context\":\"https:\/\/schema.org\",\"@graph\":[{\"@type\":\"WebPage\",\"@id\":\"https:\/\/almyravillas.com\/fr\/politique-de-paiement\/\",\"url\":\"https:\/\/almyravillas.com\/fr\/politique-de-paiement\/\",\"name\":\"Politique de paiement - Almyra Villas | Halikounas Corfu | Greece\",\"isPartOf\":{\"@id\":\"https:\/\/almyravillas.com\/#website\"},\"datePublished\":\"2016-07-11T15:49:01+00:00\",\"dateModified\":\"2021-05-27T13:47:38+00:00\",\"description\":\"Payment Policy. Here you may find some payment policy: 30% deposit is required by booking. It can be paid by bank transfer or with a credit card...\",\"breadcrumb\":{\"@id\":\"https:\/\/almyravillas.com\/fr\/politique-de-paiement\/#breadcrumb\"},\"inLanguage\":\"fr-FR\",\"potentialAction\":[{\"@type\":\"ReadAction\",\"target\":[\"https:\/\/almyravillas.com\/fr\/politique-de-paiement\/\"]}]},{\"@type\":\"BreadcrumbList\",\"@id\":\"https:\/\/almyravillas.com\/fr\/politique-de-paiement\/#breadcrumb\",\"itemListElement\":[{\"@type\":\"ListItem\",\"position\":1,\"name\":\"Home\",\"item\":\"https:\/\/almyravillas.com\/fr\/\"},{\"@type\":\"ListItem\",\"position\":2,\"name\":\"Politique de paiement\"}]},{\"@type\":\"WebSite\",\"@id\":\"https:\/\/almyravillas.com\/#website\",\"url\":\"https:\/\/almyravillas.com\/\",\"name\":\"Almyra Villas | Halikounas Corfu\",\"description\":\"Villas in Corfu Greece\",\"publisher\":{\"@id\":\"https:\/\/almyravillas.com\/#organization\"},\"potentialAction\":[{\"@type\":\"SearchAction\",\"target\":{\"@type\":\"EntryPoint\",\"urlTemplate\":\"https:\/\/almyravillas.com\/?s={search_term_string}\"},\"query-input\":\"required name=search_term_string\"}],\"inLanguage\":\"fr-FR\"},{\"@type\":\"Organization\",\"@id\":\"https:\/\/almyravillas.com\/#organization\",\"name\":\"Almyra Villas Chalikounas Corfu\",\"url\":\"https:\/\/almyravillas.com\/\",\"logo\":{\"@type\":\"ImageObject\",\"inLanguage\":\"fr-FR\",\"@id\":\"https:\/\/almyravillas.com\/#\/schema\/logo\/image\/\",\"url\":\"https:\/\/almyravillas.com\/wp-content\/uploads\/2016\/08\/almyra-villas-logo-signature.png\",\"contentUrl\":\"https:\/\/almyravillas.com\/wp-content\/uploads\/2016\/08\/almyra-villas-logo-signature.png\",\"width\":125,\"height\":74,\"caption\":\"Almyra Villas Chalikounas Corfu\"},\"image\":{\"@id\":\"https:\/\/almyravillas.com\/#\/schema\/logo\/image\/\"},\"sameAs\":[\"https:\/\/www.facebook.com\/Almyra.Villas.Corfu\/\",\"https:\/\/www.instagram.com\/almyravillas\/\",\"https:\/\/www.youtube.com\/channel\/UCOhsTqbfyhi7oYYXHWqFIxQ\"]}]}<\/script>\n<!-- \/ Yoast SEO plugin. -->","yoast_head_json":{"title":"Politique de paiement - Almyra Villas | Halikounas Corfu | Greece","description":"Payment Policy. Here you may find some payment policy: 30% deposit is required by booking. It can be paid by bank transfer or with a credit card...","robots":{"index":"index","follow":"follow","max-snippet":"max-snippet:-1","max-image-preview":"max-image-preview:large","max-video-preview":"max-video-preview:-1"},"canonical":"https:\/\/almyravillas.com\/fr\/politique-de-paiement\/","og_locale":"fr_FR","og_type":"article","og_title":"Payment Policy | Almyra Villas","og_description":"Payment Policy. Here you may find some payment policy: 30% deposit is required by booking. It can be paid by bank transfer or with a credit card...","og_url":"https:\/\/almyravillas.com\/fr\/politique-de-paiement\/","og_site_name":"Almyra Villas | Halikounas Corfu","article_publisher":"https:\/\/www.facebook.com\/Almyra.Villas.Corfu\/","article_modified_time":"2021-05-27T13:47:38+00:00","og_image":[{"width":1500,"height":1000,"url":"https:\/\/almyravillas.com\/wp-content\/uploads\/2016\/06\/Al-Myra-Villas-Corfu-3-1.jpg","type":"image\/jpeg"}],"twitter_card":"summary_large_image","twitter_misc":{"Dur\u00e9e de lecture estim\u00e9e":"1 minute"},"schema":{"@context":"https:\/\/schema.org","@graph":[{"@type":"WebPage","@id":"https:\/\/almyravillas.com\/fr\/politique-de-paiement\/","url":"https:\/\/almyravillas.com\/fr\/politique-de-paiement\/","name":"Politique de paiement - Almyra Villas | Halikounas Corfu | Greece","isPartOf":{"@id":"https:\/\/almyravillas.com\/#website"},"datePublished":"2016-07-11T15:49:01+00:00","dateModified":"2021-05-27T13:47:38+00:00","description":"Payment Policy. Here you may find some payment policy: 30% deposit is required by booking. It can be paid by bank transfer or with a credit card...","breadcrumb":{"@id":"https:\/\/almyravillas.com\/fr\/politique-de-paiement\/#breadcrumb"},"inLanguage":"fr-FR","potentialAction":[{"@type":"ReadAction","target":["https:\/\/almyravillas.com\/fr\/politique-de-paiement\/"]}]},{"@type":"BreadcrumbList","@id":"https:\/\/almyravillas.com\/fr\/politique-de-paiement\/#breadcrumb","itemListElement":[{"@type":"ListItem","position":1,"name":"Home","item":"https:\/\/almyravillas.com\/fr\/"},{"@type":"ListItem","position":2,"name":"Politique de paiement"}]},{"@type":"WebSite","@id":"https:\/\/almyravillas.com\/#website","url":"https:\/\/almyravillas.com\/","name":"Almyra Villas | Halikounas Corfu","description":"Villas in Corfu Greece","publisher":{"@id":"https:\/\/almyravillas.com\/#organization"},"potentialAction":[{"@type":"SearchAction","target":{"@type":"EntryPoint","urlTemplate":"https:\/\/almyravillas.com\/?s={search_term_string}"},"query-input":"required name=search_term_string"}],"inLanguage":"fr-FR"},{"@type":"Organization","@id":"https:\/\/almyravillas.com\/#organization","name":"Almyra Villas Chalikounas Corfu","url":"https:\/\/almyravillas.com\/","logo":{"@type":"ImageObject","inLanguage":"fr-FR","@id":"https:\/\/almyravillas.com\/#\/schema\/logo\/image\/","url":"https:\/\/almyravillas.com\/wp-content\/uploads\/2016\/08\/almyra-villas-logo-signature.png","contentUrl":"https:\/\/almyravillas.com\/wp-content\/uploads\/2016\/08\/almyra-villas-logo-signature.png","width":125,"height":74,"caption":"Almyra Villas Chalikounas Corfu"},"image":{"@id":"https:\/\/almyravillas.com\/#\/schema\/logo\/image\/"},"sameAs":["https:\/\/www.facebook.com\/Almyra.Villas.Corfu\/","https:\/\/www.instagram.com\/almyravillas\/","https:\/\/www.youtube.com\/channel\/UCOhsTqbfyhi7oYYXHWqFIxQ"]}]}},"_links":{"self":[{"href":"https:\/\/almyravillas.com\/fr\/wp-json\/wp\/v2\/pages\/1058"}],"collection":[{"href":"https:\/\/almyravillas.com\/fr\/wp-json\/wp\/v2\/pages"}],"about":[{"href":"https:\/\/almyravillas.com\/fr\/wp-json\/wp\/v2\/types\/page"}],"author":[{"embeddable":true,"href":"https:\/\/almyravillas.com\/fr\/wp-json\/wp\/v2\/users\/1"}],"replies":[{"embeddable":true,"href":"https:\/\/almyravillas.com\/fr\/wp-json\/wp\/v2\/comments?post=1058"}],"version-history":[{"count":2,"href":"https:\/\/almyravillas.com\/fr\/wp-json\/wp\/v2\/pages\/1058\/revisions"}],"predecessor-version":[{"id":1095,"href":"https:\/\/almyravillas.com\/fr\/wp-json\/wp\/v2\/pages\/1058\/revisions\/1095"}],"wp:attachment":[{"href":"https:\/\/almyravillas.com\/fr\/wp-json\/wp\/v2\/media?parent=1058"}],"curies":[{"name":"wp","href":"https:\/\/api.w.org\/{rel}","templated":true}]}}